{"id":37,"date":"2018-09-30T14:04:56","date_gmt":"2018-09-30T12:04:56","guid":{"rendered":"http:\/\/localhost\/dog\/?page_id=37"},"modified":"2018-10-07T20:07:20","modified_gmt":"2018-10-07T18:07:20","slug":"obeissance-ordres-de-base","status":"publish","type":"page","link":"https:\/\/www.jgdog.fr\/dog\/obeissance-ordres-de-base\/","title":{"rendered":"Ob\u00e9issance &#8211; Ordres de base"},"content":{"rendered":"<p><strong><img decoding=\"async\" loading=\"lazy\" class=\"size-medium wp-image-73 alignright\" src=\"\/dog\/wp-content\/uploads\/2018\/10\/marche-300x169.png\" alt=\"\" width=\"300\" height=\"169\" \/>Debout, Assis, Couch\u00e9,<\/strong> &#8230; sont ce que l&rsquo;on appelle <strong>les ordres de base<\/strong> de l&rsquo;\u00e9ducation canine.<\/p>\n<p>L&rsquo;ob\u00e9issance est primordiale pour maitriser son chien. Il ne peut y avoir d&rsquo;\u00e9ducation sans ob\u00e9issance, c&rsquo;est la raison pour laquelle apprendre les ordres de base est indispensable.<\/p>\n<p>Voici un r\u00e9capitulatif des ordres de base que nous pouvons enseigner \u00e0 votre chien :<\/p>\n<ul>\n<li>Assis, couch\u00e9, d\u00e9bout<\/li>\n<li>Rappel (le plus important des ordres pour la s\u00e9curit\u00e9)<\/li>\n<li>Marcher en laisse sans tirer<\/li>\n<li>Marche au pied sans laisse<\/li>\n<li>STOP Assis !<\/li>\n<li>Pas bouger &amp; Pas bouger en l&rsquo;absence du maitre.<\/li>\n<li>Va chercher, apporte, donne, pas toucher<\/li>\n<li>Refus d&rsquo;app\u00e2t<\/li>\n<li>Va au panier, Reste au panier, Pas sauter, Pas mordiller, Pas aller plus loin<\/li>\n<li>Blocage dans le rappel, ordre \u00e0 distance<\/li>\n<li>Pr\u00e9paration au CSAU (Certificat de Sociabilit\u00e9 et d&rsquo;Aptitude \u00e0 l&rsquo;Utilisation)<\/li>\n<\/ul>\n<p>Au del\u00e0 des ordres simple le <strong>Rappel<\/strong> est certainement l&rsquo;un des ordres les plus importants. C&rsquo;est notamment cet ordre qui vous permettra de faire revenir votre chien lors de promenade dans les parcs. Le Rappel est \u00e9galement un ordre n\u00e9cessaire pour assurer la s\u00e9curit\u00e9 de votre compagnon ainsi que celle des personnes et animaux qu&rsquo;il pourrait rencontrer.<\/p>\n<p>Pour des balades agr\u00e9ables vous aimeriez pouvoir tenir votre chien en laisse mais celui ci n&rsquo;arr\u00eate pas de tirer sans cesse en avant. La <strong>Marche en laisse<\/strong> fait \u00e9galement partie des apprentissage de base que nous enseignons.<\/p>\n<p>L&rsquo;ob\u00e9issance est un \u00e9l\u00e9ment primordial, toutefois ce n&rsquo;est pas le seul axe de d\u00e9veloppement possible de votre chien. Nous pouvons \u00e9galement vous aider \u00e0 am\u00e9liorer le comportement de votre chien ou r\u00e9soudre des <a href=\"\/dog\/troubles-du-comportement\/\"><strong>probl\u00e8mes de comportement du chien<\/strong><\/a>.<\/p>\n","protected":false},"excerpt":{"rendered":"<p>Debout, Assis, Couch\u00e9, &#8230; sont ce que l&rsquo;on appelle les ordres de base de l&rsquo;\u00e9ducation canine. L&rsquo;ob\u00e9issance est primordiale pour maitriser son chien. Il ne peut y avoir d&rsquo;\u00e9ducation sans ob\u00e9issance, c&rsquo;est la raison pour laquelle apprendre les ordres de &hellip; <a href=\"https:\/\/www.jgdog.fr\/dog\/obeissance-ordres-de-base\/\">Lire la suite\u00ad\u00ad<\/a><\/p>\n","protected":false},"author":1,"featured_media":73,"parent":0,"menu_order":0,"comment_status":"closed","ping_status":"closed","template":"","meta":{"footnotes":""},"_links":{"self":[{"href":"https:\/\/www.jgdog.fr\/dog\/wp-json\/wp\/v2\/pages\/37"}],"collection":[{"href":"https:\/\/www.jgdog.fr\/dog\/wp-json\/wp\/v2\/pages"}],"about":[{"href":"https:\/\/www.jgdog.fr\/dog\/wp-json\/wp\/v2\/types\/page"}],"author":[{"embeddable":true,"href":"https:\/\/www.jgdog.fr\/dog\/wp-json\/wp\/v2\/users\/1"}],"replies":[{"embeddable":true,"href":"https:\/\/www.jgdog.fr\/dog\/wp-json\/wp\/v2\/comments?post=37"}],"version-history":[{"count":6,"href":"https:\/\/www.jgdog.fr\/dog\/wp-json\/wp\/v2\/pages\/37\/revisions"}],"predecessor-version":[{"id":71,"href":"https:\/\/www.jgdog.fr\/dog\/wp-json\/wp\/v2\/pages\/37\/revisions\/71"}],"wp:featuredmedia":[{"embeddable":true,"href":"https:\/\/www.jgdog.fr\/dog\/wp-json\/wp\/v2\/media\/73"}],"wp:attachment":[{"href":"https:\/\/www.jgdog.fr\/dog\/wp-json\/wp\/v2\/media?parent=37"}],"curies":[{"name":"wp","href":"https:\/\/api.w.org\/{rel}","templated":true}]}}