{"id":23,"date":"2018-09-30T13:53:23","date_gmt":"2018-09-30T11:53:23","guid":{"rendered":"http:\/\/localhost\/dog\/?page_id=23"},"modified":"2019-11-28T20:15:13","modified_gmt":"2019-11-28T19:15:13","slug":"diplome","status":"publish","type":"page","link":"https:\/\/www.jgdog.fr\/dog\/diplome\/","title":{"rendered":"Dipl\u00f4me"},"content":{"rendered":"<p>JG Dog est \u00e9ducateur canin sp\u00e9cialis\u00e9 dans le gestion du comportement du chien de compagnie.<br \/>\nEn tant que professionnel je dispose des certificats et dipl\u00f4mes qui attestent de ma formation et de mes capacit\u00e9s \u00e0 assurer une \u00e9ducation adapt\u00e9e pour votre animal.<\/p>\n<ul>\n<li>Titre de niveau 5 &#8211; Agent cynophile de s\u00e9curit\u00e9<\/li>\n<li>Dipl\u00f4m\u00e9 \u00ab\u00a0\u00c9ducateur et \u00e9leveur canin\u00a0\u00bb<\/li>\n<li>Attestation de formation sauveteur secouriste canin<\/li>\n<li>Attestation de formation Chien de recherche &#8211; UC1<\/li>\n<\/ul>\n","protected":false},"excerpt":{"rendered":"<p>JG Dog est \u00e9ducateur canin sp\u00e9cialis\u00e9 dans le gestion du comportement du chien de compagnie. En tant que professionnel je dispose des certificats et dipl\u00f4mes qui attestent de ma formation et de mes capacit\u00e9s \u00e0 assurer une \u00e9ducation adapt\u00e9e pour &hellip; <a href=\"https:\/\/www.jgdog.fr\/dog\/diplome\/\">Lire la suite\u00ad\u00ad<\/a><\/p>\n","protected":false},"author":1,"featured_media":114,"parent":0,"menu_order":0,"comment_status":"closed","ping_status":"closed","template":"","meta":{"footnotes":""},"_links":{"self":[{"href":"https:\/\/www.jgdog.fr\/dog\/wp-json\/wp\/v2\/pages\/23"}],"collection":[{"href":"https:\/\/www.jgdog.fr\/dog\/wp-json\/wp\/v2\/pages"}],"about":[{"href":"https:\/\/www.jgdog.fr\/dog\/wp-json\/wp\/v2\/types\/page"}],"author":[{"embeddable":true,"href":"https:\/\/www.jgdog.fr\/dog\/wp-json\/wp\/v2\/users\/1"}],"replies":[{"embeddable":true,"href":"https:\/\/www.jgdog.fr\/dog\/wp-json\/wp\/v2\/comments?post=23"}],"version-history":[{"count":6,"href":"https:\/\/www.jgdog.fr\/dog\/wp-json\/wp\/v2\/pages\/23\/revisions"}],"predecessor-version":[{"id":172,"href":"https:\/\/www.jgdog.fr\/dog\/wp-json\/wp\/v2\/pages\/23\/revisions\/172"}],"wp:featuredmedia":[{"embeddable":true,"href":"https:\/\/www.jgdog.fr\/dog\/wp-json\/wp\/v2\/media\/114"}],"wp:attachment":[{"href":"https:\/\/www.jgdog.fr\/dog\/wp-json\/wp\/v2\/media?parent=23"}],"curies":[{"name":"wp","href":"https:\/\/api.w.org\/{rel}","templated":true}]}}