{"id":22,"date":"2018-09-30T13:53:23","date_gmt":"2018-09-30T11:53:23","guid":{"rendered":"http:\/\/localhost\/dog\/?page_id=22"},"modified":"2018-10-07T21:05:43","modified_gmt":"2018-10-07T19:05:43","slug":"dressage-a-domicile","status":"publish","type":"page","link":"https:\/\/www.jgdog.fr\/dog\/dressage-a-domicile\/","title":{"rendered":"\u00c9ducation canine \u00e0 domicile"},"content":{"rendered":"<p><img decoding=\"async\" loading=\"lazy\" class=\"size-medium wp-image-85 alignleft\" src=\"\/dog\/wp-content\/uploads\/2018\/10\/education_canine_a_domicile-300x221.png\" alt=\"\" width=\"300\" height=\"221\" \/>Pour aborder l&rsquo;\u00e9ducation de votre chien nous nous d\u00e9pla\u00e7ons \u00e0 votre <strong>domicile<\/strong>.<\/p>\n<p>Votre chien devra mettre en application ce que nous lui apprenons dans son environnement quotidien. C&rsquo;est la raison pour laquelle des cours de <strong>dressage \u00e0 domicile<\/strong> sont plus efficaces et permettent d&rsquo;obtenir un r\u00e9sultat plus rapide avec moins de cours n\u00e9cessaires.<\/p>\n<p>A votre domicile votre chien ne sera pas perturb\u00e9 par d&rsquo;autres animaux ou d&rsquo;autres stimuli d\u00e9rangeants comme cela se produit en cours collectifs.<\/p>\n<p>La progression de votre chien et l&rsquo;\u00e9volution de son <strong><a href=\"\/dog\/\/troubles-du-comportement\/\">comportement<\/a> <\/strong>seront d&rsquo;autant plus rapides s&rsquo;il n&rsquo;est pas perturb\u00e9 dans les phases initiales de son apprentissage.<\/p>\n<p>Si votre domicile ne permet pas de r\u00e9aliser les <strong>cours d&rsquo;\u00e9ducation pour votre chien<\/strong> alors nous pourrons choisir ensemble un lieu en ext\u00e9rieur proche de votre domicile et qui soit propice \u00e0 l&rsquo;apprentissage.<\/p>\n<p>L&rsquo;\u00e9ducation canine \u00e0 domicile est plus efficace, plus rapide et plus agr\u00e9able. Nous vous recommandons vivement ce mode de fonctionnement.<\/p>\n<p>Pour toute information sur l&rsquo;\u00e9ducation \u00e0 domicile pour votre chien contactez nous aux coordonn\u00e9es ci dessous. Nous nous d\u00e9pla\u00e7ons dans <strong>Valence<\/strong> et dans la r\u00e9gion autour de Valence dans un rayon de 50km..<\/p>\n<p>&nbsp;<\/p>\n","protected":false},"excerpt":{"rendered":"<p>Pour aborder l&rsquo;\u00e9ducation de votre chien nous nous d\u00e9pla\u00e7ons \u00e0 votre domicile. Votre chien devra mettre en application ce que nous lui apprenons dans son environnement quotidien. C&rsquo;est la raison pour laquelle des cours de dressage \u00e0 domicile sont plus &hellip; <a href=\"https:\/\/www.jgdog.fr\/dog\/dressage-a-domicile\/\">Lire la suite\u00ad\u00ad<\/a><\/p>\n","protected":false},"author":1,"featured_media":85,"parent":0,"menu_order":0,"comment_status":"closed","ping_status":"closed","template":"","meta":{"footnotes":""},"_links":{"self":[{"href":"https:\/\/www.jgdog.fr\/dog\/wp-json\/wp\/v2\/pages\/22"}],"collection":[{"href":"https:\/\/www.jgdog.fr\/dog\/wp-json\/wp\/v2\/pages"}],"about":[{"href":"https:\/\/www.jgdog.fr\/dog\/wp-json\/wp\/v2\/types\/page"}],"author":[{"embeddable":true,"href":"https:\/\/www.jgdog.fr\/dog\/wp-json\/wp\/v2\/users\/1"}],"replies":[{"embeddable":true,"href":"https:\/\/www.jgdog.fr\/dog\/wp-json\/wp\/v2\/comments?post=22"}],"version-history":[{"count":10,"href":"https:\/\/www.jgdog.fr\/dog\/wp-json\/wp\/v2\/pages\/22\/revisions"}],"predecessor-version":[{"id":145,"href":"https:\/\/www.jgdog.fr\/dog\/wp-json\/wp\/v2\/pages\/22\/revisions\/145"}],"wp:featuredmedia":[{"embeddable":true,"href":"https:\/\/www.jgdog.fr\/dog\/wp-json\/wp\/v2\/media\/85"}],"wp:attachment":[{"href":"https:\/\/www.jgdog.fr\/dog\/wp-json\/wp\/v2\/media?parent=22"}],"curies":[{"name":"wp","href":"https:\/\/api.w.org\/{rel}","templated":true}]}}