{"id":21,"date":"2018-09-30T13:53:22","date_gmt":"2018-09-30T11:53:22","guid":{"rendered":"http:\/\/localhost\/dog\/?page_id=21"},"modified":"2019-11-28T20:16:15","modified_gmt":"2019-11-28T19:16:15","slug":"prestations","status":"publish","type":"page","link":"https:\/\/www.jgdog.fr\/dog\/prestations\/","title":{"rendered":"Prestations"},"content":{"rendered":"<p>Je suis JG DOG, \u00e9ducateur canin sp\u00e9cialis\u00e9 dans la gestion du comportement du chien de compagnie.<\/p>\n<p>J&rsquo;interviens sur Valence et dans un rayon de 50 km autour de Valence (Mont\u00e9limar, Roman sur Is\u00e8re, Saint Vallier, Tournon, &#8230;).<\/p>\n<p>Je peux vous aider dans l&rsquo;\u00e9ducation de votre chien. Que ce soit pour :<\/p>\n<ul>\n<li>Vous donner des <a href=\"\/dog\/conseils-avant-ou-apres-acquisition\/\"><strong>conseils avant ou apr\u00e8s l&rsquo;acquisition<\/strong> <\/a>de votre animal<\/li>\n<li>Am\u00e9liorer le comportement de votre animal ou traiter des <a href=\"\/dog\/troubles-du-comportement\/\"><strong>troubles du comportement du chien<\/strong><\/a><\/li>\n<li>Apprendre \u00e0 votre chien a \u00eatre ob\u00e9issant et \u00e0 r\u00e9pondre aux<a href=\"\/dog\/obeissance-ordres-de-base\/\"><strong> ordres de base<\/strong><\/a><\/li>\n<li>Apprendre \u00e0 votre chien \u00e0 <a href=\"\/dog\/cours-individuel-pistage-cavage\/\"><strong>suivre une piste (pistage) ou \u00e0 rechercher des truffes<\/strong><\/a> (cavage)<\/li>\n<li>&#8230;<\/li>\n<\/ul>\n<p>Afin de r\u00e9duire le nombre de cours n\u00e9cessaires je recommande un apprentissage <a href=\"\/dog\/dressage-a-domicile\/\"><strong>\u00e0 domicile<\/strong><\/a>. Ainsi je me d\u00e9place chez vous lorsque cela est possible.<\/p>\n<p>Pour toute question vous pouvez me contacter d\u00e8s maintenant aux coordonn\u00e9es figurant sur le site et dans la rubrique <a href=\"\/dog\/contact\/\"><strong>contact<\/strong><\/a>.<\/p>\n","protected":false},"excerpt":{"rendered":"<p>Je suis JG DOG, \u00e9ducateur canin sp\u00e9cialis\u00e9 dans la gestion du comportement du chien de compagnie. J&rsquo;interviens sur Valence et dans un rayon de 50 km autour de Valence (Mont\u00e9limar, Roman sur Is\u00e8re, Saint Vallier, Tournon, &#8230;). Je peux vous &hellip; <a href=\"https:\/\/www.jgdog.fr\/dog\/prestations\/\">Lire la suite\u00ad\u00ad<\/a><\/p>\n","protected":false},"author":1,"featured_media":0,"parent":0,"menu_order":0,"comment_status":"closed","ping_status":"closed","template":"","meta":{"footnotes":""},"_links":{"self":[{"href":"https:\/\/www.jgdog.fr\/dog\/wp-json\/wp\/v2\/pages\/21"}],"collection":[{"href":"https:\/\/www.jgdog.fr\/dog\/wp-json\/wp\/v2\/pages"}],"about":[{"href":"https:\/\/www.jgdog.fr\/dog\/wp-json\/wp\/v2\/types\/page"}],"author":[{"embeddable":true,"href":"https:\/\/www.jgdog.fr\/dog\/wp-json\/wp\/v2\/users\/1"}],"replies":[{"embeddable":true,"href":"https:\/\/www.jgdog.fr\/dog\/wp-json\/wp\/v2\/comments?post=21"}],"version-history":[{"count":8,"href":"https:\/\/www.jgdog.fr\/dog\/wp-json\/wp\/v2\/pages\/21\/revisions"}],"predecessor-version":[{"id":174,"href":"https:\/\/www.jgdog.fr\/dog\/wp-json\/wp\/v2\/pages\/21\/revisions\/174"}],"wp:attachment":[{"href":"https:\/\/www.jgdog.fr\/dog\/wp-json\/wp\/v2\/media?parent=21"}],"curies":[{"name":"wp","href":"https:\/\/api.w.org\/{rel}","templated":true}]}}