{"id":203,"date":"2021-04-14T17:27:09","date_gmt":"2021-04-14T15:27:09","guid":{"rendered":"http:\/\/www.jgdog.fr\/dog\/?page_id=203"},"modified":"2021-04-18T19:04:47","modified_gmt":"2021-04-18T17:04:47","slug":"permis-detention-chiens-de-1ere-et-2eme-categorie","status":"publish","type":"page","link":"https:\/\/www.jgdog.fr\/dog\/permis-detention-chiens-de-1ere-et-2eme-categorie\/","title":{"rendered":"Formation attestation d&rsquo;aptitude pour les d\u00e9tenteurs de chiens de 1ere et 2eme cat\u00e9gorie"},"content":{"rendered":"<p><img decoding=\"async\" loading=\"lazy\" class=\"size-medium wp-image-211 alignright\" src=\"http:\/\/www.jgdog.fr\/dog\/wp-content\/uploads\/2021\/04\/dangerous-dogs-300x200.jpg\" alt=\"\" width=\"300\" height=\"200\" srcset=\"https:\/\/www.jgdog.fr\/dog\/wp-content\/uploads\/2021\/04\/dangerous-dogs-300x200.jpg 300w, https:\/\/www.jgdog.fr\/dog\/wp-content\/uploads\/2021\/04\/dangerous-dogs.jpg 500w\" sizes=\"(max-width: 300px) 100vw, 300px\" \/><b>JG DOG, \u00e9ducateur agr\u00e9\u00e9 dans la Dr\u00f4me,\u00a0<\/b>vous d\u00e9livre la<b> formation et attestation d&rsquo;aptitude (permis de d\u00e9tention)\u00a0<\/b>pour d\u00e9tenteur de chiens de 1ere et 2eme cat\u00e9gorie.<\/p>\n<p><b>\u00a0<\/b><\/p>\n<p><b>O\u00f9 et quelle dur\u00e9e ?<\/b><\/p>\n<p>La formation dure <b>7 heures<\/b>\u00a0 et elle se d\u00e9roule directement<b> \u00e0 votre domicile<\/b> en cours particulier.<\/p>\n<p>&nbsp;<\/p>\n<p><strong>Comment se d\u00e9roule une formation d&rsquo;aptitude ?<\/strong><\/p>\n<p>La formation se d\u00e9roule avec une <strong>partie th\u00e9orique<\/strong> et une <strong>partie pratique<\/strong>.<\/p>\n<p>Lors de la partie th\u00e9orique vous d\u00e9couvrirez la r\u00e9glementation des chiens cat\u00e9goris\u00e9s, les modes de communications avec l&rsquo;animal, les actions pour \u00e9viter les risques de morsures, &#8230;)<\/p>\n<p>Durant la partie pratique nous mettrons votre animal en situation et nous vous dispenserons si n\u00e9cessaire une initiation de base \u00e0 l&rsquo;\u00e9ducation canine.<\/p>\n<p><b>\u00a0<\/b><\/p>\n<p><b>Le permis de d\u00e9tention d&rsquo;un chien de premi\u00e8re ou deuxi\u00e8me cat\u00e9gorie (aussi appel\u00e9 \u00ab\u00a0chien dangereux\u00a0\u00bb)<\/b><\/p>\n<p>Vous souhaitez faire l&rsquo;acquisition, ou vous d\u00e9tenez un chien de 1ere ou 2eme cat\u00e9gorie ?<\/p>\n<p>Dans ce cas vous devez imp\u00e9rativement disposer d&rsquo;un permis afin d&rsquo;\u00eatre en conformit\u00e9 avec la loi.<\/p>\n<p>Vous devez disposez de ce permis <strong>d\u00e8s l&rsquo;acquisition de votre animal<\/strong>.<\/p>\n<p>Ce permis peut \u00e9galement \u00eatre exig\u00e9 si votre chien a mordu une personne (article L211-14 du code rural) et quelle que soit sa race (m\u00eame s&rsquo;il ne s&rsquo;agit que d&rsquo;un caniche).<\/p>\n<p>Un tel permis de d\u00e9tention peut \u00e9galement \u00eatre exig\u00e9 dans quelques cas :<\/p>\n<ul>\n<li>Si vous \u00eates agents de s\u00e9curit\u00e9 et que vous travaillez avec un rottweiler<\/li>\n<li>Si votre chien pr\u00e9sente un danger pour les autorit\u00e9s<\/li>\n<\/ul>\n<p><b>\u00a0<\/b><\/p>\n<p><b>Permis molosses ? Permis chien dangereux ? Permis chien 1ere et 2eme cat\u00e9gories ? Lequel choisir ?<\/b><\/p>\n<p>Aucun choix \u00e0 faire. Il s&rsquo;agit d&rsquo;un seul et m\u00eame permis que tout le monde n&rsquo;appelle pas de la m\u00eame mani\u00e8re.<\/p>\n<p><b>\u00a0<\/b><\/p>\n<p><b>Qui doit disposer du permis ?<\/b><\/p>\n<p>Le permis est obligatoire pour le propri\u00e9taire et \u00e9galement pour toutes les personnes qui prom\u00e8nent r\u00e9guli\u00e8rement votre chien.<\/p>\n<p><b>\u00a0<\/b><\/p>\n<p><b>Quelles sont vos obligations et celles concernant votre animal ?<\/b><\/p>\n<p><u>Vos obligations :<\/u><\/p>\n<p>D\u00e8s l&rsquo;acquisition de votre animal vous devez obtenir ce permis, qui est un certificat d&rsquo;aptitude, aupr\u00e8s d&rsquo;un \u00e9ducateur canin agr\u00e9\u00e9.<\/p>\n<p>JG DOG fait parti des \u00e9ducateurs canins agr\u00e9\u00e9s pour le d\u00e9partement de la Dr\u00f4me.<\/p>\n<p><u>Obligations pour votre animal :<\/u><\/p>\n<p>Votre chien doit subir une \u00e9valuation comportementale (\u00e0 l&rsquo;\u00e2ge de 8 \u00e0 12 mois) r\u00e9alis\u00e9e par un v\u00e9t\u00e9rinaire. Ce professionnel doit \u00eatre inscrit sur la liste d\u00e9partementale officielle. Lors de ce contr\u00f4le le v\u00e9t\u00e9rinaire va d\u00e9terminer le danger potentiel de votre chien.<\/p>\n<p><b>\u00a0<\/b><\/p>\n<p><b>Sanctions en cas de non respect &#8230;<\/b><\/p>\n<p>En cas de non respect de la r\u00e9glementation, et donc en cas de d\u00e9faut d&rsquo;obtention du permis \u00ab\u00a0chiens dangereux\u00a0\u00bb vous risquez une amendes de 3750 \u20ac et jusqu&rsquo;\u00e0 3 mois de prison.<\/p>\n<p>Le plus triste sera pour votre animal qui au mieux pourra \u00eatre conduit en fourri\u00e8re et il pourra m\u00eame \u00eatre pris la d\u00e9cision de l&rsquo;euthanasier.<\/p>\n<p>Les accidents avec des chiens dangereux font r\u00e9guli\u00e8rement la une de la presse quotidienne, les forces de l&rsquo;ordre sont donc d&rsquo;autant plus strictes en la mati\u00e8re.<\/p>\n<p>Les d\u00e9nonciations peuvent parfois \u00e9galement amener \u00e0 des contr\u00f4les \u00e0 votre domicile.<\/p>\n<p>Afin d&rsquo;\u00e9viter un tel drame, et pour votre s\u00e9curit\u00e9, pour la s\u00e9curit\u00e9 de votre animal et des autres nous ne pouvons que vous recommander que de vous mettre en conformit\u00e9 rapidement si tel n&rsquo;\u00e9tait pas d\u00e9j\u00e0 le cas.<\/p>\n<p>Pour toute information compl\u00e9mentaire, contactez nous rubrique <a href=\"http:\/\/www.jgdog.fr\/dog\/contact\/\">contact<\/a>.<\/p>\n","protected":false},"excerpt":{"rendered":"<p>JG DOG, \u00e9ducateur agr\u00e9\u00e9 dans la Dr\u00f4me,\u00a0vous d\u00e9livre la formation et attestation d&rsquo;aptitude (permis de d\u00e9tention)\u00a0pour d\u00e9tenteur de chiens de 1ere et 2eme cat\u00e9gorie. \u00a0 O\u00f9 et quelle dur\u00e9e ? La formation dure 7 heures\u00a0 et elle se d\u00e9roule directement &hellip; <a href=\"https:\/\/www.jgdog.fr\/dog\/permis-detention-chiens-de-1ere-et-2eme-categorie\/\">Lire la suite\u00ad\u00ad<\/a><\/p>\n","protected":false},"author":1,"featured_media":0,"parent":0,"menu_order":0,"comment_status":"closed","ping_status":"closed","template":"","meta":{"footnotes":""},"_links":{"self":[{"href":"https:\/\/www.jgdog.fr\/dog\/wp-json\/wp\/v2\/pages\/203"}],"collection":[{"href":"https:\/\/www.jgdog.fr\/dog\/wp-json\/wp\/v2\/pages"}],"about":[{"href":"https:\/\/www.jgdog.fr\/dog\/wp-json\/wp\/v2\/types\/page"}],"author":[{"embeddable":true,"href":"https:\/\/www.jgdog.fr\/dog\/wp-json\/wp\/v2\/users\/1"}],"replies":[{"embeddable":true,"href":"https:\/\/www.jgdog.fr\/dog\/wp-json\/wp\/v2\/comments?post=203"}],"version-history":[{"count":13,"href":"https:\/\/www.jgdog.fr\/dog\/wp-json\/wp\/v2\/pages\/203\/revisions"}],"predecessor-version":[{"id":217,"href":"https:\/\/www.jgdog.fr\/dog\/wp-json\/wp\/v2\/pages\/203\/revisions\/217"}],"wp:attachment":[{"href":"https:\/\/www.jgdog.fr\/dog\/wp-json\/wp\/v2\/media?parent=203"}],"curies":[{"name":"wp","href":"https:\/\/api.w.org\/{rel}","templated":true}]}}